{"id":637,"date":"2025-11-03T22:13:49","date_gmt":"2025-11-03T22:13:49","guid":{"rendered":"https:\/\/grandtour.biz\/about-us\/"},"modified":"2025-12-15T02:30:46","modified_gmt":"2025-12-15T02:30:46","slug":"about-us","status":"publish","type":"page","link":"https:\/\/grandtour.biz\/vi\/about-us\/","title":{"rendered":"Gi\u1edbi Thi\u1ec7u"},"content":{"rendered":"\n\t<section class=\"section\" id=\"section_988322107\">\n\t\t<div class=\"section-bg fill\" >\n\t\t\t\t\t\t\t\t\t\n\t\t\t\n\n\t\t<\/div>\n\n\t\t\n\n\t\t<div class=\"section-content relative\">\n\t\t\t\n<div class=\"row\"  id=\"row-1109036895\">\n\n\t<div id=\"col-972974000\" class=\"col small-12 large-12\"  >\n\t\t\t\t<div class=\"col-inner\"  >\n\t\t\t\n\t\t\t\n\t<div id=\"text-3336368214\" class=\"text\">\n\t\t\n<h1>V\u1ec0 CH\u00daNG T\u00d4I<\/h1>\n\t\t\n<style>\n#text-3336368214 {\n  font-size: 1.5rem;\n  text-align: center;\n  color: #774538;\n}\n#text-3336368214 > * {\n  color: #774538;\n}\n<\/style>\n\t<\/div>\n\t\n\t\t<\/div>\n\t\t\t\t\t<\/div>\n\n\t\n<\/div>\n\t\t<\/div>\n\n\t\t\n<style>\n#section_988322107 {\n  padding-top: 30px;\n  padding-bottom: 30px;\n}\n<\/style>\n\t<\/section>\n\t\n\n\t<section class=\"section\" id=\"section_109888021\">\n\t\t<div class=\"section-bg fill\" >\n\t\t\t\t\t\t\t\t\t\n\t\t\t\n\n\t\t<\/div>\n\n\t\t\n\n\t\t<div class=\"section-content relative\">\n\t\t\t\n<div class=\"row align-middle\"  id=\"row-1509190294\">\n\n\t<div id=\"col-1201544141\" class=\"col medium-7 small-12 large-7\"  data-animate=\"fadeInLeft\">\n\t\t\t\t<div class=\"col-inner\"  >\n\t\t\t\n\t\t\t\n\t<div id=\"text-2275666467\" class=\"text\">\n\t\t\n<h2>N\u01a1i s\u1ef1 sang tr\u1ecdng giao thoa v\u1edbi h\u00e0nh tr\u00ecnh \u00fd ngh\u0129a<\/h2>\n\t\t\n<style>\n#text-2275666467 {\n  font-size: 1rem;\n  color: #774538;\n}\n#text-2275666467 > * {\n  color: #774538;\n}\n<\/style>\n\t<\/div>\n\t\n<p>Grand Tour kh\u00f4ng ch\u1ec9 \u0111\u01a1n thu\u1ea7n l\u00e0 du l\u1ecbch \u2014 m\u00e0 c\u00f2n l\u00e0 ngh\u1ec7 thu\u1eadt t\u1ea1o n\u00ean nh\u1eefng kho\u1ea3nh kh\u1eafc tuy\u1ec7t v\u1eddi nh\u1ea5t c\u1ee7a cu\u1ed9c s\u1ed1ng.<\/p>\n<p>\u0110\u01b0\u1ee3c th\u00e0nh l\u1eadp nh\u1eb1m \u0111\u00e1p \u1ee9ng nhu c\u1ea7u ng\u00e0y c\u00e0ng t\u0103ng v\u1ec1 du l\u1ecbch cao c\u1ea5p, c\u00e1 nh\u00e2n h\u00f3a, Grand Tour th\u1ec3 hi\u1ec7n s\u1ef1 tinh t\u1ebf, chuy\u00ean nghi\u1ec7p v\u00e0 d\u1ecbch v\u1ee5 \u0111\u1ea1t ti\u00eau chu\u1ea9n cao.<\/p>\n<p>Ch\u00fang t\u00f4i v\u01b0\u1ee3t xa nh\u1eefng k\u1ef3 ngh\u1ec9 th\u00f4ng th\u01b0\u1eddng \u0111\u1ec3 thi\u1ebft k\u1ebf nh\u1eefng tr\u1ea3i nghi\u1ec7m \u0111\u1ed9c \u0111\u00e1o v\u00e0 sang tr\u1ecdng d\u00e0nh cho nh\u1eefng du kh\u00e1ch s\u00e0nh \u0111i\u1ec7u, nh\u1eefng ng\u01b0\u1eddi t\u00ecm ki\u1ebfm s\u1ef1 ch\u00e2n th\u1ef1c v\u00e0 kh\u00e1c bi\u1ec7t.<\/p>\n<p>M\u1ed7i h\u00e0nh tr\u00ecnh \u0111\u1ec1u \u0111\u01b0\u1ee3c thi\u1ebft k\u1ebf c\u1ea9n th\u1eadn \u0111\u1ec3 ph\u1ea3n \u00e1nh phong c\u00e1ch v\u00e0 s\u1edf th\u00edch c\u00e1 nh\u00e2n c\u1ee7a b\u1ea1n, mang \u0111\u1ebfn s\u1ef1 tho\u1ea3i m\u00e1i t\u1ed1i \u0111a v\u00e0 nh\u1eefng k\u1ef7 ni\u1ec7m kh\u00f3 qu\u00ean t\u1ea1i nh\u1eefng \u0111i\u1ec3m \u0111\u1ebfn tuy\u1ec7t v\u1eddi nh\u1ea5t c\u1ee7a Vi\u1ec7t Nam.<\/p>\n\t\t<\/div>\n\t\t\t\t\t<\/div>\n\n\t\n\n\t<div id=\"col-1297656247\" class=\"col medium-5 small-12 large-5\"  data-animate=\"fadeInRight\">\n\t\t\t\t<div class=\"col-inner\"  >\n\t\t\t\n\t\t\t\n<p>\n\t<div class=\"img has-hover x md-x lg-x y md-y lg-y\" id=\"image_168791165\">\n\t\t\t\t\t\t\t\t<div class=\"img-inner dark\" >\n\t\t\t<img loading=\"lazy\" decoding=\"async\" width=\"1320\" height=\"770\" src=\"https:\/\/grandtour.biz\/wp-content\/uploads\/2025\/11\/Screenshot_1-1.png\" class=\"attachment-original size-original\" alt=\"Screenshot 1\" srcset=\"https:\/\/grandtour.biz\/wp-content\/uploads\/2025\/11\/Screenshot_1-1.png 1320w, https:\/\/grandtour.biz\/wp-content\/uploads\/2025\/11\/Screenshot_1-1-300x175.png 300w, https:\/\/grandtour.biz\/wp-content\/uploads\/2025\/11\/Screenshot_1-1-1024x597.png 1024w, https:\/\/grandtour.biz\/wp-content\/uploads\/2025\/11\/Screenshot_1-1-768x448.png 768w, https:\/\/grandtour.biz\/wp-content\/uploads\/2025\/11\/Screenshot_1-1-600x350.png 600w\" sizes=\"auto, (max-width: 1320px) 100vw, 1320px\" title=\"\">\t\t\t\t\t\t\n\t\t\t\t\t<\/div>\n\t\t\t\t\t\t\t\t\n<style>\n#image_168791165 {\n  width: 100%;\n}\n<\/style>\n\t<\/div>\n\t\n\t\t<\/div>\n\t\t\t\t\t<\/div>\n\n\t\n<\/div>\n\t\t<\/div>\n\n\t\t\n<style>\n#section_109888021 {\n  padding-top: 0px;\n  padding-bottom: 0px;\n}\n<\/style>\n\t<\/section>\n\t\n\n\t<section class=\"section\" id=\"section_1166577588\">\n\t\t<div class=\"section-bg fill\" >\n\t\t\t\t\t\t\t\t\t\n\t\t\t\n\n\t\t<\/div>\n\n\t\t\n\n\t\t<div class=\"section-content relative\">\n\t\t\t\n<div class=\"row align-middle\"  id=\"row-1011284760\">\n\n\t<div id=\"col-1854092388\" class=\"col hide-for-small medium-6 small-12 large-6\"  data-animate=\"fadeInLeft\">\n\t\t\t\t<div class=\"col-inner\"  >\n\t\t\t\n\t\t\t\n\t<div class=\"img has-hover x md-x lg-x y md-y lg-y\" id=\"image_1741880512\">\n\t\t\t\t\t\t\t\t<div class=\"img-inner dark\" >\n\t\t\t<img loading=\"lazy\" decoding=\"async\" width=\"2560\" height=\"1707\" src=\"https:\/\/grandtour.biz\/wp-content\/uploads\/2025\/11\/cot-co-scaled.jpg\" class=\"attachment-original size-original\" alt=\"C\u1ed9t C\u1edd\" srcset=\"https:\/\/grandtour.biz\/wp-content\/uploads\/2025\/11\/cot-co-scaled.jpg 2560w, https:\/\/grandtour.biz\/wp-content\/uploads\/2025\/11\/cot-co-300x200.jpg 300w, https:\/\/grandtour.biz\/wp-content\/uploads\/2025\/11\/cot-co-1024x683.jpg 1024w, https:\/\/grandtour.biz\/wp-content\/uploads\/2025\/11\/cot-co-768x512.jpg 768w, https:\/\/grandtour.biz\/wp-content\/uploads\/2025\/11\/cot-co-1536x1024.jpg 1536w, https:\/\/grandtour.biz\/wp-content\/uploads\/2025\/11\/cot-co-2048x1365.jpg 2048w, https:\/\/grandtour.biz\/wp-content\/uploads\/2025\/11\/cot-co-600x400.jpg 600w\" sizes=\"auto, (max-width: 2560px) 100vw, 2560px\" title=\"\">\t\t\t\t\t\t\n\t\t\t\t\t<\/div>\n\t\t\t\t\t\t\t\t\n<style>\n#image_1741880512 {\n  width: 100%;\n}\n<\/style>\n\t<\/div>\n\t\n\t\t<\/div>\n\t\t\t\t\t<\/div>\n\n\t\n\n\t<div id=\"col-549304430\" class=\"col medium-6 small-12 large-6\"  data-animate=\"fadeInRight\">\n\t\t\t\t<div class=\"col-inner\"  >\n\t\t\t\n\t\t\t\n<p>\n\t<div id=\"text-4183087995\" class=\"text\">\n\t\t\n<h2>Tri\u1ebft l\u00fd c\u1ee7a ch\u00fang t\u00f4i<\/h2>\n<p><strong>Thi\u1ebft k\u1ebf ri\u00eang \u2013 V\u01b0\u1ee3t th\u1eddi gian \u2013 Si\u00eau vi\u1ec7t.<\/strong><\/p>\n<p>M\u1ed7i h\u00e0nh tr\u00ecnh v\u1edbi Grand Tour l\u00e0 m\u1ed9t ki\u1ec7t t\u00e1c \u2014 \u0111\u01b0\u1ee3c ch\u1ebf t\u00e1c t\u1ec9 m\u1ec9, l\u00e0m gi\u00e0u b\u1edfi t\u00ednh ch\u00e2n th\u1ef1c v\u00e0 \u0111\u01b0\u1ee3c ghi nh\u1edb su\u1ed1t \u0111\u1eddi.<\/p>\n\t\t\n<style>\n#text-4183087995 {\n  color: #774538;\n}\n#text-4183087995 > * {\n  color: #774538;\n}\n<\/style>\n\t<\/div>\n\t\n<\/p>\n\t\t<\/div>\n\t\t\t\t\t<\/div>\n\n\t\n\n\t<div id=\"col-278434971\" class=\"col show-for-small medium-6 small-12 large-6\"  data-animate=\"fadeInLeft\">\n\t\t\t\t<div class=\"col-inner\"  >\n\t\t\t\n\t\t\t\n\t<div class=\"img has-hover x md-x lg-x y md-y lg-y\" id=\"image_2007550959\">\n\t\t\t\t\t\t\t\t<div class=\"img-inner dark\" >\n\t\t\t<img loading=\"lazy\" decoding=\"async\" width=\"2560\" height=\"1707\" src=\"https:\/\/grandtour.biz\/wp-content\/uploads\/2025\/11\/cot-co-scaled.jpg\" class=\"attachment-original size-original\" alt=\"C\u1ed9t C\u1edd\" srcset=\"https:\/\/grandtour.biz\/wp-content\/uploads\/2025\/11\/cot-co-scaled.jpg 2560w, https:\/\/grandtour.biz\/wp-content\/uploads\/2025\/11\/cot-co-300x200.jpg 300w, https:\/\/grandtour.biz\/wp-content\/uploads\/2025\/11\/cot-co-1024x683.jpg 1024w, https:\/\/grandtour.biz\/wp-content\/uploads\/2025\/11\/cot-co-768x512.jpg 768w, https:\/\/grandtour.biz\/wp-content\/uploads\/2025\/11\/cot-co-1536x1024.jpg 1536w, https:\/\/grandtour.biz\/wp-content\/uploads\/2025\/11\/cot-co-2048x1365.jpg 2048w, https:\/\/grandtour.biz\/wp-content\/uploads\/2025\/11\/cot-co-600x400.jpg 600w\" sizes=\"auto, (max-width: 2560px) 100vw, 2560px\" title=\"\">\t\t\t\t\t\t\n\t\t\t\t\t<\/div>\n\t\t\t\t\t\t\t\t\n<style>\n#image_2007550959 {\n  width: 100%;\n}\n<\/style>\n\t<\/div>\n\t\n\t\t<\/div>\n\t\t\t\t\t<\/div>\n\n\t\n<\/div>\n\t\t<\/div>\n\n\t\t\n<style>\n#section_1166577588 {\n  padding-top: 0px;\n  padding-bottom: 0px;\n}\n<\/style>\n\t<\/section>\n\t\n\n\t<section class=\"section\" id=\"section_1056264403\">\n\t\t<div class=\"section-bg fill\" >\n\t\t\t\t\t\t\t\t\t\n\t\t\t\n\n\t\t<\/div>\n\n\t\t\n\n\t\t<div class=\"section-content relative\">\n\t\t\t\n<div class=\"row align-middle\"  id=\"row-1501198938\">\n\n\t<div id=\"col-605389944\" class=\"col medium-6 small-12 large-6\"  data-animate=\"fadeInLeft\">\n\t\t\t\t<div class=\"col-inner\"  >\n\t\t\t\n\t\t\t\n\t<div id=\"text-1178000506\" class=\"text\">\n\t\t\n<h2>T\u1ea1i sao n\u00ean ch\u1ecdn ch\u00fang t\u00f4i?<\/h2>\n<p><strong>Sang tr\u1ecdng c\u00e1 nh\u00e2n h\u00f3a<\/strong> \u2013 L\u1ecbch tr\u00ecnh \u0111\u01b0\u1ee3c thi\u1ebft k\u1ebf ri\u00eang d\u00e0nh cho b\u1ea1n.<\/p>\n<p><strong>Chuy\u00ean nghi\u1ec7p xu\u1ea5t s\u1eafc<\/strong> \u2013 H\u1ee3p t\u00e1c v\u1edbi c\u00e1c chuy\u00ean gia h\u00e0ng \u0111\u1ea7u v\u1ec1 golf, v\u0103n h\u00f3a, \u1ea9m th\u1ef1c v\u00e0 kh\u00e1ch s\u1ea1n.<\/p>\n<p><strong>H\u00f2a h\u1ee3p v\u0103n h\u00f3a<\/strong> \u2013 C\u1ea7u n\u1ed1i tinh t\u1ebf gi\u1eefa Vi\u1ec7t Nam v\u00e0 H\u00e0n Qu\u1ed1c.<\/p>\n<p><strong>D\u1ecbch v\u1ee5 ho\u00e0n h\u1ea3o<\/strong> \u2013 T\u1eeb kh\u00e2u \u0111\u1eb7t ch\u1ed7 \u0111\u1ebfn khi ti\u1ec5n bi\u1ec7t, s\u1ef1 ho\u00e0n h\u1ea3o \u0111\u1ebfn t\u1eebng chi ti\u1ebft.<\/p>\n\t\t\n<style>\n#text-1178000506 {\n  color: #774538;\n}\n#text-1178000506 > * {\n  color: #774538;\n}\n<\/style>\n\t<\/div>\n\t\n\t\t<\/div>\n\t\t\t\t\t<\/div>\n\n\t\n\n\t<div id=\"col-1460838107\" class=\"col medium-6 small-12 large-6\"  data-animate=\"fadeInRight\">\n\t\t\t\t<div class=\"col-inner\"  >\n\t\t\t\n\t\t\t\n\t<div class=\"img has-hover x md-x lg-x y md-y lg-y\" id=\"image_324843886\">\n\t\t\t\t\t\t\t\t<div class=\"img-inner image-cover dark\" style=\"padding-top:65%;\">\n\t\t\t<img loading=\"lazy\" decoding=\"async\" width=\"1707\" height=\"2560\" src=\"https:\/\/grandtour.biz\/wp-content\/uploads\/2025\/11\/NHA-HAT-LON-1-scaled.jpeg\" class=\"attachment-original size-original\" alt=\"NH\u00c0 H\u00c1T L\u1edaN\" srcset=\"https:\/\/grandtour.biz\/wp-content\/uploads\/2025\/11\/NHA-HAT-LON-1-scaled.jpeg 1707w, https:\/\/grandtour.biz\/wp-content\/uploads\/2025\/11\/NHA-HAT-LON-1-200x300.jpeg 200w, https:\/\/grandtour.biz\/wp-content\/uploads\/2025\/11\/NHA-HAT-LON-1-683x1024.jpeg 683w, https:\/\/grandtour.biz\/wp-content\/uploads\/2025\/11\/NHA-HAT-LON-1-768x1152.jpeg 768w, https:\/\/grandtour.biz\/wp-content\/uploads\/2025\/11\/NHA-HAT-LON-1-1024x1536.jpeg 1024w, https:\/\/grandtour.biz\/wp-content\/uploads\/2025\/11\/NHA-HAT-LON-1-1365x2048.jpeg 1365w, https:\/\/grandtour.biz\/wp-content\/uploads\/2025\/11\/NHA-HAT-LON-1-300x450.jpeg 300w, https:\/\/grandtour.biz\/wp-content\/uploads\/2025\/11\/NHA-HAT-LON-1-600x900.jpeg 600w\" sizes=\"auto, (max-width: 1707px) 100vw, 1707px\" title=\"\">\t\t\t\t\t\t\n\t\t\t\t\t<\/div>\n\t\t\t\t\t\t\t\t\n<style>\n#image_324843886 {\n  width: 100%;\n}\n<\/style>\n\t<\/div>\n\t\n\t\t<\/div>\n\t\t\t\t\t<\/div>\n\n\t\n<\/div>\n\t\t<\/div>\n\n\t\t\n<style>\n#section_1056264403 {\n  padding-top: 0px;\n  padding-bottom: 0px;\n}\n<\/style>\n\t<\/section>\n\t\n\n\t<section class=\"section\" id=\"section_1793879890\">\n\t\t<div class=\"section-bg fill\" >\n\t\t\t\t\t\t\t\t\t\n\t\t\t\n\n\t\t<\/div>\n\n\t\t\n\n\t\t<div class=\"section-content relative\">\n\t\t\t\n<div class=\"row align-middle\"  id=\"row-366237589\">\n\n\t<div id=\"col-795999505\" class=\"col hide-for-small medium-6 small-12 large-6\"  data-animate=\"fadeInLeft\">\n\t\t\t\t<div class=\"col-inner\"  >\n\t\t\t\n\t\t\t\n\t<div class=\"img has-hover x md-x lg-x y md-y lg-y\" id=\"image_521371218\">\n\t\t\t\t\t\t\t\t<div class=\"img-inner dark\" >\n\t\t\t<img loading=\"lazy\" decoding=\"async\" width=\"1707\" height=\"1260\" src=\"https:\/\/grandtour.biz\/wp-content\/uploads\/2025\/11\/nha-trang-scaled-e1762482270745.jpg\" class=\"attachment-original size-original\" alt=\"Nha Trang\" srcset=\"https:\/\/grandtour.biz\/wp-content\/uploads\/2025\/11\/nha-trang-scaled-e1762482270745.jpg 1707w, https:\/\/grandtour.biz\/wp-content\/uploads\/2025\/11\/nha-trang-scaled-e1762482270745-300x221.jpg 300w, https:\/\/grandtour.biz\/wp-content\/uploads\/2025\/11\/nha-trang-scaled-e1762482270745-1024x756.jpg 1024w, https:\/\/grandtour.biz\/wp-content\/uploads\/2025\/11\/nha-trang-scaled-e1762482270745-768x567.jpg 768w, https:\/\/grandtour.biz\/wp-content\/uploads\/2025\/11\/nha-trang-scaled-e1762482270745-1536x1134.jpg 1536w, https:\/\/grandtour.biz\/wp-content\/uploads\/2025\/11\/nha-trang-scaled-e1762482270745-600x443.jpg 600w\" sizes=\"auto, (max-width: 1707px) 100vw, 1707px\" title=\"\">\t\t\t\t\t\t\n\t\t\t\t\t<\/div>\n\t\t\t\t\t\t\t\t\n<style>\n#image_521371218 {\n  width: 100%;\n}\n<\/style>\n\t<\/div>\n\t\n\t\t<\/div>\n\t\t\t\t\t<\/div>\n\n\t\n\n\t<div id=\"col-1876489025\" class=\"col medium-6 small-12 large-6\"  data-animate=\"fadeInRight\">\n\t\t\t\t<div class=\"col-inner\"  >\n\t\t\t\n\t\t\t\n\t<div id=\"text-3163122536\" class=\"text\">\n\t\t\n<h2>L\u1eddi h\u1ee9a c\u1ee7a ch\u00fang t\u00f4i<\/h2>\n<p>Grand Tour kh\u00f4ng ch\u1ec9 \u0111\u01a1n thu\u1ea7n l\u00e0 du l\u1ecbch \u2014 ch\u00fang t\u00f4i mang \u0111\u1ebfn m\u1ed9t h\u00e0nh tr\u00ecnh tr\u00e0n ng\u1eadp v\u0103n h\u00f3a, c\u1ea3m h\u1ee9ng v\u00e0 s\u1ef1 k\u1ebft n\u1ed1i c\u1ea3m x\u00fac.<\/p>\n\t\t\n<style>\n#text-3163122536 {\n  text-align: left;\n  color: #774538;\n}\n#text-3163122536 > * {\n  color: #774538;\n}\n<\/style>\n\t<\/div>\n\t\n\t\t<\/div>\n\t\t\t\t\t<\/div>\n\n\t\n\n\t<div id=\"col-1058619339\" class=\"col show-for-small medium-6 small-12 large-6\"  data-animate=\"fadeInLeft\">\n\t\t\t\t<div class=\"col-inner\"  >\n\t\t\t\n\t\t\t\n\t<div class=\"img has-hover x md-x lg-x y md-y lg-y\" id=\"image_1713476109\">\n\t\t\t\t\t\t\t\t<div class=\"img-inner dark\" >\n\t\t\t<img loading=\"lazy\" decoding=\"async\" width=\"1707\" height=\"1260\" src=\"https:\/\/grandtour.biz\/wp-content\/uploads\/2025\/11\/nha-trang-scaled-e1762482270745.jpg\" class=\"attachment-original size-original\" alt=\"Nha Trang\" srcset=\"https:\/\/grandtour.biz\/wp-content\/uploads\/2025\/11\/nha-trang-scaled-e1762482270745.jpg 1707w, https:\/\/grandtour.biz\/wp-content\/uploads\/2025\/11\/nha-trang-scaled-e1762482270745-300x221.jpg 300w, https:\/\/grandtour.biz\/wp-content\/uploads\/2025\/11\/nha-trang-scaled-e1762482270745-1024x756.jpg 1024w, https:\/\/grandtour.biz\/wp-content\/uploads\/2025\/11\/nha-trang-scaled-e1762482270745-768x567.jpg 768w, https:\/\/grandtour.biz\/wp-content\/uploads\/2025\/11\/nha-trang-scaled-e1762482270745-1536x1134.jpg 1536w, https:\/\/grandtour.biz\/wp-content\/uploads\/2025\/11\/nha-trang-scaled-e1762482270745-600x443.jpg 600w\" sizes=\"auto, (max-width: 1707px) 100vw, 1707px\" title=\"\">\t\t\t\t\t\t\n\t\t\t\t\t<\/div>\n\t\t\t\t\t\t\t\t\n<style>\n#image_1713476109 {\n  width: 100%;\n}\n<\/style>\n\t<\/div>\n\t\n\t\t<\/div>\n\t\t\t\t\t<\/div>\n\n\t\n<\/div>\n\t\t<\/div>\n\n\t\t\n<style>\n#section_1793879890 {\n  padding-top: 0px;\n  padding-bottom: 0px;\n}\n<\/style>\n\t<\/section>\n\t\n","protected":false},"excerpt":{"rendered":"","protected":false},"author":1,"featured_media":0,"parent":0,"menu_order":0,"comment_status":"closed","ping_status":"closed","template":"page-blank.php","meta":{"footnotes":""},"class_list":["post-637","page","type-page","status-publish","hentry"],"_links":{"self":[{"href":"https:\/\/grandtour.biz\/vi\/wp-json\/wp\/v2\/pages\/637","targetHints":{"allow":["GET"]}}],"collection":[{"href":"https:\/\/grandtour.biz\/vi\/wp-json\/wp\/v2\/pages"}],"about":[{"href":"https:\/\/grandtour.biz\/vi\/wp-json\/wp\/v2\/types\/page"}],"author":[{"embeddable":true,"href":"https:\/\/grandtour.biz\/vi\/wp-json\/wp\/v2\/users\/1"}],"replies":[{"embeddable":true,"href":"https:\/\/grandtour.biz\/vi\/wp-json\/wp\/v2\/comments?post=637"}],"version-history":[{"count":0,"href":"https:\/\/grandtour.biz\/vi\/wp-json\/wp\/v2\/pages\/637\/revisions"}],"wp:attachment":[{"href":"https:\/\/grandtour.biz\/vi\/wp-json\/wp\/v2\/media?parent=637"}],"curies":[{"name":"wp","href":"https:\/\/api.w.org\/{rel}","templated":true}]}}