{"id":819,"date":"2025-11-04T03:23:13","date_gmt":"2025-11-04T03:23:13","guid":{"rendered":"https:\/\/grandtour.biz\/diem-den\/viet-nam\/ha-noi\/"},"modified":"2025-11-21T02:47:36","modified_gmt":"2025-11-21T02:47:36","slug":"ha-noi","status":"publish","type":"page","link":"https:\/\/grandtour.biz\/vi\/diem-den\/viet-nam\/ha-noi\/","title":{"rendered":"H\u00e0 N\u1ed9i"},"content":{"rendered":"\n\t<section class=\"section\" id=\"section_1399238784\">\n\t\t<div class=\"section-bg fill\" >\n\t\t\t\t\t\t\t\t\t\n\t\t\t\n\n\t\t<\/div>\n\n\t\t\n\n\t\t<div class=\"section-content relative\">\n\t\t\t\n<div class=\"row align-equal\"  id=\"row-1038779648\">\n\n\t<div id=\"col-1596556424\" class=\"col small-12 large-12\"  >\n\t\t\t\t<div class=\"col-inner\"  >\n\t\t\t\n\t\t\t\n\t<div id=\"text-1000543462\" class=\"text\">\n\t\t\n<h1>HA NOI<\/h1>\n\t\t\n<style>\n#text-1000543462 {\n  font-size: 1rem;\n  text-align: center;\n  color: #774538;\n}\n#text-1000543462 > * {\n  color: #774538;\n}\n@media (min-width:550px) {\n  #text-1000543462 {\n    font-size: 1.5rem;\n  }\n}\n<\/style>\n\t<\/div>\n\t\n\t\t<\/div>\n\t\t\t\t\t<\/div>\n\n\t\n\n\t<div id=\"col-1947435221\" class=\"col medium-4 small-12 large-4\"  >\n\t\t\t\t<div class=\"col-inner\"  >\n\t\t\t\n\t\t\t\n\t<div class=\"img has-hover x md-x lg-x y md-y lg-y\" id=\"image_1786751374\">\n\t\t\t\t\t\t\t\t<div class=\"img-inner image-cover dark\" style=\"padding-top:450px;\">\n\t\t\t<img loading=\"lazy\" decoding=\"async\" width=\"1568\" height=\"2090\" src=\"https:\/\/grandtour.biz\/wp-content\/uploads\/2025\/11\/HO-GUOM.jpg\" class=\"attachment-original size-original\" alt=\"H\u1ed2 G\u01af\u01a0M\" srcset=\"https:\/\/grandtour.biz\/wp-content\/uploads\/2025\/11\/HO-GUOM.jpg 1568w, https:\/\/grandtour.biz\/wp-content\/uploads\/2025\/11\/HO-GUOM-225x300.jpg 225w, https:\/\/grandtour.biz\/wp-content\/uploads\/2025\/11\/HO-GUOM-768x1024.jpg 768w, https:\/\/grandtour.biz\/wp-content\/uploads\/2025\/11\/HO-GUOM-1152x1536.jpg 1152w, https:\/\/grandtour.biz\/wp-content\/uploads\/2025\/11\/HO-GUOM-1536x2048.jpg 1536w, https:\/\/grandtour.biz\/wp-content\/uploads\/2025\/11\/HO-GUOM-300x400.jpg 300w, https:\/\/grandtour.biz\/wp-content\/uploads\/2025\/11\/HO-GUOM-600x800.jpg 600w\" sizes=\"auto, (max-width: 1568px) 100vw, 1568px\" title=\"\">\t\t\t\t\t\t\n\t\t\t\t\t<\/div>\n\t\t\t\t\t\t\t\t\n<style>\n#image_1786751374 {\n  width: 100%;\n}\n<\/style>\n\t<\/div>\n\t\n\t\t<\/div>\n\t\t\t\t\t<\/div>\n\n\t\n\n\t<div id=\"col-888594583\" class=\"col medium-4 small-12 large-4\"  >\n\t\t\t\t<div class=\"col-inner\"  >\n\t\t\t\n\t\t\t\n\t<div class=\"img has-hover x md-x lg-x y md-y lg-y\" id=\"image_339033168\">\n\t\t\t\t\t\t\t\t<div class=\"img-inner image-cover dark\" style=\"padding-top:450px;\">\n\t\t\t<img loading=\"lazy\" decoding=\"async\" width=\"1920\" height=\"2560\" src=\"https:\/\/grandtour.biz\/wp-content\/uploads\/2025\/11\/PHO-DUONG-TAU-scaled.jpg\" class=\"attachment-original size-original\" alt=\"PH\u1ed0 \u0110\u01af\u1edcNG T\u00c0U\" srcset=\"https:\/\/grandtour.biz\/wp-content\/uploads\/2025\/11\/PHO-DUONG-TAU-scaled.jpg 1920w, https:\/\/grandtour.biz\/wp-content\/uploads\/2025\/11\/PHO-DUONG-TAU-225x300.jpg 225w, https:\/\/grandtour.biz\/wp-content\/uploads\/2025\/11\/PHO-DUONG-TAU-768x1024.jpg 768w, https:\/\/grandtour.biz\/wp-content\/uploads\/2025\/11\/PHO-DUONG-TAU-1152x1536.jpg 1152w, https:\/\/grandtour.biz\/wp-content\/uploads\/2025\/11\/PHO-DUONG-TAU-1536x2048.jpg 1536w, https:\/\/grandtour.biz\/wp-content\/uploads\/2025\/11\/PHO-DUONG-TAU-300x400.jpg 300w, https:\/\/grandtour.biz\/wp-content\/uploads\/2025\/11\/PHO-DUONG-TAU-600x800.jpg 600w\" sizes=\"auto, (max-width: 1920px) 100vw, 1920px\" title=\"\">\t\t\t\t\t\t\n\t\t\t\t\t<\/div>\n\t\t\t\t\t\t\t\t\n<style>\n#image_339033168 {\n  width: 100%;\n}\n<\/style>\n\t<\/div>\n\t\n\t\t<\/div>\n\t\t\t\t\t<\/div>\n\n\t\n\n\t<div id=\"col-517311363\" class=\"col medium-4 small-12 large-4\"  >\n\t\t\t\t<div class=\"col-inner\"  >\n\t\t\t\n\t\t\t\n\t<div class=\"img has-hover x md-x lg-x y md-y lg-y\" id=\"image_1504607275\">\n\t\t\t\t\t\t\t\t<div class=\"img-inner image-cover dark\" style=\"padding-top:450px;\">\n\t\t\t<img loading=\"lazy\" decoding=\"async\" width=\"2560\" height=\"1707\" src=\"https:\/\/grandtour.biz\/wp-content\/uploads\/2025\/11\/LANG-BAC-scaled.jpg\" class=\"attachment-original size-original\" alt=\"L\u0102NG B\u00c1C\" srcset=\"https:\/\/grandtour.biz\/wp-content\/uploads\/2025\/11\/LANG-BAC-scaled.jpg 2560w, https:\/\/grandtour.biz\/wp-content\/uploads\/2025\/11\/LANG-BAC-300x200.jpg 300w, https:\/\/grandtour.biz\/wp-content\/uploads\/2025\/11\/LANG-BAC-1024x683.jpg 1024w, https:\/\/grandtour.biz\/wp-content\/uploads\/2025\/11\/LANG-BAC-768x512.jpg 768w, https:\/\/grandtour.biz\/wp-content\/uploads\/2025\/11\/LANG-BAC-1536x1024.jpg 1536w, https:\/\/grandtour.biz\/wp-content\/uploads\/2025\/11\/LANG-BAC-2048x1365.jpg 2048w, https:\/\/grandtour.biz\/wp-content\/uploads\/2025\/11\/LANG-BAC-600x400.jpg 600w\" sizes=\"auto, (max-width: 2560px) 100vw, 2560px\" title=\"\">\t\t\t\t\t\t\n\t\t\t\t\t<\/div>\n\t\t\t\t\t\t\t\t\n<style>\n#image_1504607275 {\n  width: 100%;\n}\n<\/style>\n\t<\/div>\n\t\n\t\t<\/div>\n\t\t\t\t\t<\/div>\n\n\t\n<\/div>\n\t\t<\/div>\n\n\t\t\n<style>\n#section_1399238784 {\n  padding-top: 30px;\n  padding-bottom: 30px;\n}\n<\/style>\n\t<\/section>\n\t\n\n\t<section class=\"section\" id=\"section_602485639\">\n\t\t<div class=\"section-bg fill\" >\n\t\t\t\t\t\t\t\t\t\n\t\t\t\n\n\t\t<\/div>\n\n\t\t\n\n\t\t<div class=\"section-content relative\">\n\t\t\t\n<div class=\"row align-center\"  id=\"row-987451683\">\n\n\t<div id=\"col-2093791376\" class=\"col medium-9 small-12 large-9\"  >\n\t\t\t\t<div class=\"col-inner text-center\"  >\n\t\t\t\n\t\t\t\n\t<div class=\"img has-hover x md-x lg-x y md-y lg-y\" id=\"image_361964712\">\n\t\t\t\t\t\t\t\t<div class=\"img-inner dark\" style=\"margin:0px 0px 20px 0px;\">\n\t\t\t<img loading=\"lazy\" decoding=\"async\" width=\"512\" height=\"512\" src=\"https:\/\/grandtour.biz\/wp-content\/uploads\/2025\/11\/new-moon.png\" class=\"attachment-original size-original\" alt=\"Tr\u0103ng Non\" srcset=\"https:\/\/grandtour.biz\/wp-content\/uploads\/2025\/11\/new-moon.png 512w, https:\/\/grandtour.biz\/wp-content\/uploads\/2025\/11\/new-moon-300x300.png 300w, https:\/\/grandtour.biz\/wp-content\/uploads\/2025\/11\/new-moon-150x150.png 150w, https:\/\/grandtour.biz\/wp-content\/uploads\/2025\/11\/new-moon-100x100.png 100w\" sizes=\"auto, (max-width: 512px) 100vw, 512px\" title=\"\">\t\t\t\t\t\t\n\t\t\t\t\t<\/div>\n\t\t\t\t\t\t\t\t\n<style>\n#image_361964712 {\n  width: 4%;\n}\n<\/style>\n\t<\/div>\n\t\n\t<div id=\"text-1284734032\" class=\"text\">\n\t\t\n<p>H\u00e0 N\u1ed9i, th\u1ee7 \u0111\u00f4 quy\u1ebfn r\u0169 c\u1ee7a Vi\u1ec7t Nam, h\u00f2a quy\u1ec7n v\u0103n h\u00f3a l\u00e2u \u0111\u1eddi h\u00e0ng th\u1ebf k\u1ef7 v\u1edbi s\u1ef1 tinh t\u1ebf hi\u1ec7n \u0111\u1ea1i. C\u00e1c kh\u00e1ch s\u1ea1n sang tr\u1ecdng c\u1ee7a th\u00e0nh ph\u1ed1, t\u1eeb nh\u1eefng khu ngh\u1ec9 d\u01b0\u1ee1ng thanh l\u1ecbch b\u00ean h\u1ed3 \u0111\u1ebfn nh\u1eefng \u0111\u1ecba danh n\u1ed5i ti\u1ebfng \u1edf trung t\u00e2m, mang \u0111\u1ebfn s\u1ef1 tho\u1ea3i m\u00e1i \u0111\u1eb3ng c\u1ea5p th\u1ebf gi\u1edbi v\u00e0 l\u00f2ng hi\u1ebfu kh\u00e1ch n\u1ed3ng h\u1eadu. <\/p>\n<p>Gi\u1eefa nh\u1eefng ng\u00f4i \u0111\u1ec1n c\u1ed5 k\u00ednh v\u00e0 nh\u1eefng con ph\u1ed1 nh\u1ed9n nh\u1ecbp, du kh\u00e1ch th\u01b0\u1edfng th\u1ee9c nh\u1eefng truy\u1ec1n th\u1ed1ng s\u00f4i \u0111\u1ed9ng, \u1ea9m th\u1ef1c phong ph\u00fa v\u00e0 nh\u1eefng nh\u00e0 h\u00e0ng \u0111\u01b0\u1ee3c Michelin c\u00f4ng nh\u1eadn\u2014n\u1eafm b\u1eaft \u0111\u01b0\u1ee3c n\u00e9t quy\u1ebfn r\u0169 v\u01b0\u1ee3t th\u1eddi gian v\u00e0 s\u1ee9c h\u1ea5p d\u1eabn \u0111\u01b0\u01a1ng \u0111\u1ea1i c\u1ee7a H\u00e0 N\u1ed9i.<\/p>\n\t\t\n<style>\n#text-1284734032 {\n  text-align: center;\n  color: #774538;\n}\n#text-1284734032 > * {\n  color: #774538;\n}\n<\/style>\n\t<\/div>\n\t\n\t<div class=\"img has-hover x md-x lg-x y md-y lg-y\" id=\"image_1209149486\">\n\t\t\t\t\t\t\t\t<div class=\"img-inner dark\" >\n\t\t\t<img loading=\"lazy\" decoding=\"async\" width=\"512\" height=\"512\" src=\"https:\/\/grandtour.biz\/wp-content\/uploads\/2025\/11\/new-moon.png\" class=\"attachment-original size-original\" alt=\"Tr\u0103ng Non\" srcset=\"https:\/\/grandtour.biz\/wp-content\/uploads\/2025\/11\/new-moon.png 512w, https:\/\/grandtour.biz\/wp-content\/uploads\/2025\/11\/new-moon-300x300.png 300w, https:\/\/grandtour.biz\/wp-content\/uploads\/2025\/11\/new-moon-150x150.png 150w, https:\/\/grandtour.biz\/wp-content\/uploads\/2025\/11\/new-moon-100x100.png 100w\" sizes=\"auto, (max-width: 512px) 100vw, 512px\" title=\"\">\t\t\t\t\t\t\n\t\t\t\t\t<\/div>\n\t\t\t\t\t\t\t\t\n<style>\n#image_1209149486 {\n  width: 4%;\n}\n<\/style>\n\t<\/div>\n\t\n\t\t<\/div>\n\t\t\t\t\t<\/div>\n\n\t\n<\/div>\n\t\t<\/div>\n\n\t\t\n<style>\n#section_602485639 {\n  padding-top: 30px;\n  padding-bottom: 30px;\n}\n<\/style>\n\t<\/section>\n\t\n\n\t<section class=\"section\" id=\"section_1752247331\">\n\t\t<div class=\"section-bg fill\" >\n\t\t\t\t\t\t\t\t\t\n\t\t\t\n\n\t\t<\/div>\n\n\t\t\n\n\t\t<div class=\"section-content relative\">\n\t\t\t\n<div class=\"row\"  id=\"row-1962236717\">\n\n\t<div id=\"col-812341721\" class=\"col small-12 large-12\"  >\n\t\t\t\t<div class=\"col-inner\"  >\n\t\t\t\n\t\t\t\n\t<div id=\"text-1778118288\" class=\"text\">\n\t\t\n<h2>Kh\u00e1m ph\u00e1 H\u00e0 N\u1ed9i qua<\/h2>\n\t\t\n<style>\n#text-1778118288 {\n  font-size: 1.1rem;\n  text-align: center;\n  color: #774538;\n}\n#text-1778118288 > * {\n  color: #774538;\n}\n@media (min-width:550px) {\n  #text-1778118288 {\n    font-size: 1.5rem;\n  }\n}\n<\/style>\n\t<\/div>\n\t\n\t\n  \n    <div class=\"row large-columns-4 medium-columns-3 small-columns-1 row-small slider row-slider slider-nav-reveal slider-nav-push\"  data-flickity-options='{&quot;imagesLoaded&quot;: true, &quot;groupCells&quot;: &quot;100%&quot;, &quot;dragThreshold&quot; : 5, &quot;cellAlign&quot;: &quot;left&quot;,&quot;wrapAround&quot;: true,&quot;prevNextButtons&quot;: true,&quot;percentPosition&quot;: true,&quot;pageDots&quot;: false, &quot;rightToLeft&quot;: false, &quot;autoPlay&quot; : false}' >\n\n  <\/div>\n\t\t<\/div>\n\t\t\t\t\t<\/div>\n\n\t\n<\/div>\n\t\t<\/div>\n\n\t\t\n<style>\n#section_1752247331 {\n  padding-top: 0px;\n  padding-bottom: 0px;\n}\n<\/style>\n\t<\/section>\n\t\n","protected":false},"excerpt":{"rendered":"","protected":false},"author":1,"featured_media":0,"parent":798,"menu_order":0,"comment_status":"closed","ping_status":"closed","template":"page-blank.php","meta":{"footnotes":""},"class_list":["post-819","page","type-page","status-publish","hentry"],"_links":{"self":[{"href":"https:\/\/grandtour.biz\/vi\/wp-json\/wp\/v2\/pages\/819","targetHints":{"allow":["GET"]}}],"collection":[{"href":"https:\/\/grandtour.biz\/vi\/wp-json\/wp\/v2\/pages"}],"about":[{"href":"https:\/\/grandtour.biz\/vi\/wp-json\/wp\/v2\/types\/page"}],"author":[{"embeddable":true,"href":"https:\/\/grandtour.biz\/vi\/wp-json\/wp\/v2\/users\/1"}],"replies":[{"embeddable":true,"href":"https:\/\/grandtour.biz\/vi\/wp-json\/wp\/v2\/comments?post=819"}],"version-history":[{"count":0,"href":"https:\/\/grandtour.biz\/vi\/wp-json\/wp\/v2\/pages\/819\/revisions"}],"up":[{"embeddable":true,"href":"https:\/\/grandtour.biz\/vi\/wp-json\/wp\/v2\/pages\/798"}],"wp:attachment":[{"href":"https:\/\/grandtour.biz\/vi\/wp-json\/wp\/v2\/media?parent=819"}],"curies":[{"name":"wp","href":"https:\/\/api.w.org\/{rel}","templated":true}]}}