{"id":844,"date":"2025-11-12T09:51:21","date_gmt":"2025-11-12T09:51:21","guid":{"rendered":"https:\/\/grandtour.biz\/diem-den\/viet-nam\/cao-bang\/"},"modified":"2025-11-21T02:53:54","modified_gmt":"2025-11-21T02:53:54","slug":"cao-bang","status":"publish","type":"page","link":"https:\/\/grandtour.biz\/vi\/diem-den\/viet-nam\/cao-bang\/","title":{"rendered":"Cao B\u1eb1ng"},"content":{"rendered":"\n\t<section class=\"section\" id=\"section_282553342\">\n\t\t<div class=\"section-bg fill\" >\n\t\t\t\t\t\t\t\t\t\n\t\t\t\n\n\t\t<\/div>\n\n\t\t\n\n\t\t<div class=\"section-content relative\">\n\t\t\t\n<div class=\"row align-equal\"  id=\"row-629978745\">\n\n\t<div id=\"col-1208568464\" class=\"col small-12 large-12\"  >\n\t\t\t\t<div class=\"col-inner\"  >\n\t\t\t\n\t\t\t\n\t<div id=\"text-3435033591\" class=\"text\">\n\t\t\n<h1>CAO BANG<\/h1>\n\t\t\n<style>\n#text-3435033591 {\n  font-size: 1rem;\n  text-align: center;\n  color: #774538;\n}\n#text-3435033591 > * {\n  color: #774538;\n}\n@media (min-width:550px) {\n  #text-3435033591 {\n    font-size: 1.5rem;\n  }\n}\n<\/style>\n\t<\/div>\n\t\n\t\t<\/div>\n\t\t\t\t\t<\/div>\n\n\t\n\n\t<div id=\"col-1708619146\" class=\"col medium-4 small-12 large-4\"  >\n\t\t\t\t<div class=\"col-inner\"  >\n\t\t\t\n\t\t\t\n\t<div class=\"img has-hover x md-x lg-x y md-y lg-y\" id=\"image_1014627100\">\n\t\t\t\t\t\t\t\t<div class=\"img-inner image-cover dark\" style=\"padding-top:450px;\">\n\t\t\t<img loading=\"lazy\" decoding=\"async\" width=\"2560\" height=\"1707\" src=\"https:\/\/grandtour.biz\/wp-content\/uploads\/2025\/11\/THAC-BAN-GIOC-scaled.jpeg\" class=\"attachment-original size-original\" alt=\"TH\u00c1C B\u1ea2N GI\u1ed0C\" srcset=\"https:\/\/grandtour.biz\/wp-content\/uploads\/2025\/11\/THAC-BAN-GIOC-scaled.jpeg 2560w, https:\/\/grandtour.biz\/wp-content\/uploads\/2025\/11\/THAC-BAN-GIOC-300x200.jpeg 300w, https:\/\/grandtour.biz\/wp-content\/uploads\/2025\/11\/THAC-BAN-GIOC-1024x683.jpeg 1024w, https:\/\/grandtour.biz\/wp-content\/uploads\/2025\/11\/THAC-BAN-GIOC-768x512.jpeg 768w, https:\/\/grandtour.biz\/wp-content\/uploads\/2025\/11\/THAC-BAN-GIOC-1536x1024.jpeg 1536w, https:\/\/grandtour.biz\/wp-content\/uploads\/2025\/11\/THAC-BAN-GIOC-2048x1365.jpeg 2048w, https:\/\/grandtour.biz\/wp-content\/uploads\/2025\/11\/THAC-BAN-GIOC-600x400.jpeg 600w\" sizes=\"auto, (max-width: 2560px) 100vw, 2560px\" title=\"\">\t\t\t\t\t\t\n\t\t\t\t\t<\/div>\n\t\t\t\t\t\t\t\t\n<style>\n#image_1014627100 {\n  width: 100%;\n}\n<\/style>\n\t<\/div>\n\t\n\t\t<\/div>\n\t\t\t\t\t<\/div>\n\n\t\n\n\t<div id=\"col-1833886717\" class=\"col medium-4 small-12 large-4\"  >\n\t\t\t\t<div class=\"col-inner\"  >\n\t\t\t\n\t\t\t\n\t<div class=\"img has-hover x md-x lg-x y md-y lg-y\" id=\"image_867505016\">\n\t\t\t\t\t\t\t\t<div class=\"img-inner image-cover dark\" style=\"padding-top:450px;\">\n\t\t\t<img loading=\"lazy\" decoding=\"async\" width=\"1707\" height=\"2560\" src=\"https:\/\/grandtour.biz\/wp-content\/uploads\/2025\/11\/CAO-BANG-1-scaled.jpeg\" class=\"attachment-original size-original\" alt=\"CAO B\u1eb0NG\" srcset=\"https:\/\/grandtour.biz\/wp-content\/uploads\/2025\/11\/CAO-BANG-1-scaled.jpeg 1707w, https:\/\/grandtour.biz\/wp-content\/uploads\/2025\/11\/CAO-BANG-1-200x300.jpeg 200w, https:\/\/grandtour.biz\/wp-content\/uploads\/2025\/11\/CAO-BANG-1-683x1024.jpeg 683w, https:\/\/grandtour.biz\/wp-content\/uploads\/2025\/11\/CAO-BANG-1-768x1152.jpeg 768w, https:\/\/grandtour.biz\/wp-content\/uploads\/2025\/11\/CAO-BANG-1-1024x1536.jpeg 1024w, https:\/\/grandtour.biz\/wp-content\/uploads\/2025\/11\/CAO-BANG-1-1365x2048.jpeg 1365w, https:\/\/grandtour.biz\/wp-content\/uploads\/2025\/11\/CAO-BANG-1-300x450.jpeg 300w, https:\/\/grandtour.biz\/wp-content\/uploads\/2025\/11\/CAO-BANG-1-600x900.jpeg 600w\" sizes=\"auto, (max-width: 1707px) 100vw, 1707px\" title=\"\">\t\t\t\t\t\t\n\t\t\t\t\t<\/div>\n\t\t\t\t\t\t\t\t\n<style>\n#image_867505016 {\n  width: 100%;\n}\n<\/style>\n\t<\/div>\n\t\n\t\t<\/div>\n\t\t\t\t\t<\/div>\n\n\t\n\n\t<div id=\"col-70435928\" class=\"col medium-4 small-12 large-4\"  >\n\t\t\t\t<div class=\"col-inner\"  >\n\t\t\t\n\t\t\t\n\t<div class=\"img has-hover x md-x lg-x y md-y lg-y\" id=\"image_1037386430\">\n\t\t\t\t\t\t\t\t<div class=\"img-inner image-cover dark\" style=\"padding-top:450px;\">\n\t\t\t<img loading=\"lazy\" decoding=\"async\" width=\"1981\" height=\"2389\" src=\"https:\/\/grandtour.biz\/wp-content\/uploads\/2025\/11\/CAAAAAO-BANW.avif\" class=\"attachment-original size-original\" alt=\"CAAAAAO BANW\" srcset=\"https:\/\/grandtour.biz\/wp-content\/uploads\/2025\/11\/CAAAAAO-BANW.avif 1981w, https:\/\/grandtour.biz\/wp-content\/uploads\/2025\/11\/CAAAAAO-BANW-249x300.avif 249w, https:\/\/grandtour.biz\/wp-content\/uploads\/2025\/11\/CAAAAAO-BANW-849x1024.avif 849w, https:\/\/grandtour.biz\/wp-content\/uploads\/2025\/11\/CAAAAAO-BANW-768x926.avif 768w, https:\/\/grandtour.biz\/wp-content\/uploads\/2025\/11\/CAAAAAO-BANW-1274x1536.avif 1274w, https:\/\/grandtour.biz\/wp-content\/uploads\/2025\/11\/CAAAAAO-BANW-1698x2048.avif 1698w, https:\/\/grandtour.biz\/wp-content\/uploads\/2025\/11\/CAAAAAO-BANW-300x362.avif 300w, https:\/\/grandtour.biz\/wp-content\/uploads\/2025\/11\/CAAAAAO-BANW-600x724.avif 600w\" sizes=\"auto, (max-width: 1981px) 100vw, 1981px\" title=\"\">\t\t\t\t\t\t\n\t\t\t\t\t<\/div>\n\t\t\t\t\t\t\t\t\n<style>\n#image_1037386430 {\n  width: 100%;\n}\n<\/style>\n\t<\/div>\n\t\n\t\t<\/div>\n\t\t\t\t\t<\/div>\n\n\t\n<\/div>\n\t\t<\/div>\n\n\t\t\n<style>\n#section_282553342 {\n  padding-top: 30px;\n  padding-bottom: 30px;\n}\n<\/style>\n\t<\/section>\n\t\n\n\t<section class=\"section\" id=\"section_2001851713\">\n\t\t<div class=\"section-bg fill\" >\n\t\t\t\t\t\t\t\t\t\n\t\t\t\n\n\t\t<\/div>\n\n\t\t\n\n\t\t<div class=\"section-content relative\">\n\t\t\t\n<div class=\"row align-center\"  id=\"row-1387348229\">\n\n\t<div id=\"col-1628693109\" class=\"col medium-9 small-12 large-9\"  >\n\t\t\t\t<div class=\"col-inner text-center\"  >\n\t\t\t\n\t\t\t\n\t<div class=\"img has-hover x md-x lg-x y md-y lg-y\" id=\"image_334047776\">\n\t\t\t\t\t\t\t\t<div class=\"img-inner dark\" style=\"margin:0px 0px 20px 0px;\">\n\t\t\t<img loading=\"lazy\" decoding=\"async\" width=\"512\" height=\"512\" src=\"https:\/\/grandtour.biz\/wp-content\/uploads\/2025\/11\/new-moon.png\" class=\"attachment-original size-original\" alt=\"Tr\u0103ng Non\" srcset=\"https:\/\/grandtour.biz\/wp-content\/uploads\/2025\/11\/new-moon.png 512w, https:\/\/grandtour.biz\/wp-content\/uploads\/2025\/11\/new-moon-300x300.png 300w, https:\/\/grandtour.biz\/wp-content\/uploads\/2025\/11\/new-moon-150x150.png 150w, https:\/\/grandtour.biz\/wp-content\/uploads\/2025\/11\/new-moon-100x100.png 100w\" sizes=\"auto, (max-width: 512px) 100vw, 512px\" title=\"\">\t\t\t\t\t\t\n\t\t\t\t\t<\/div>\n\t\t\t\t\t\t\t\t\n<style>\n#image_334047776 {\n  width: 4%;\n}\n<\/style>\n\t<\/div>\n\t\n\t<div id=\"text-1854005451\" class=\"text\">\n\t\t\n<p>Cao B\u1eb1ng l\u00e0 m\u1ed9t t\u1ec9nh mi\u1ec1n n\u00fai \u1edf ph\u00eda b\u1eafc Vi\u1ec7t Nam. N\u1ed5i ti\u1ebfng v\u1edbi nh\u1eefng c\u1ea3nh quan tuy\u1ec7t \u0111\u1eb9p, th\u00e1c n\u01b0\u1edbc v\u00e0 v\u01b0\u1eddn qu\u1ed1c gia, n\u01a1i \u0111\u00e2y c\u00f3 l\u1ecbch s\u1eed v\u00e0 v\u0103n h\u00f3a phong ph\u00fa, bao g\u1ed3m c\u00e1c c\u1ed9ng \u0111\u1ed3ng d\u00e2n t\u1ed9c thi\u1ec3u s\u1ed1 truy\u1ec1n th\u1ed1ng. V\u1edbi th\u00e1c B\u1ea3n Gi\u1ed1c n\u1ed5i ti\u1ebfng &#8211; m\u1ed9t trong nh\u1eefng th\u00e1c l\u1edbn nh\u1ea5t ch\u00e2u \u00c1, v\u00e0 c\u00e1c di t\u00edch l\u1ecbch s\u1eed t\u1eeb th\u1eddi k\u1ef3 c\u00e1ch m\u1ea1ng, Cao B\u1eb1ng mang \u0111\u1ebfn v\u1ebb \u0111\u1eb9p t\u1ef1 nhi\u00ean \u0111\u1ed9c \u0111\u00e1o v\u00e0 tr\u1ea3i nghi\u1ec7m v\u0103n h\u00f3a cho nh\u1eefng du kh\u00e1ch th\u00edch kh\u00e1m ph\u00e1.  <\/p>\n\t\t\n<style>\n#text-1854005451 {\n  text-align: center;\n  color: #774538;\n}\n#text-1854005451 > * {\n  color: #774538;\n}\n<\/style>\n\t<\/div>\n\t\n\t<div class=\"img has-hover x md-x lg-x y md-y lg-y\" id=\"image_967437065\">\n\t\t\t\t\t\t\t\t<div class=\"img-inner dark\" >\n\t\t\t<img loading=\"lazy\" decoding=\"async\" width=\"512\" height=\"512\" src=\"https:\/\/grandtour.biz\/wp-content\/uploads\/2025\/11\/new-moon.png\" class=\"attachment-original size-original\" alt=\"Tr\u0103ng Non\" srcset=\"https:\/\/grandtour.biz\/wp-content\/uploads\/2025\/11\/new-moon.png 512w, https:\/\/grandtour.biz\/wp-content\/uploads\/2025\/11\/new-moon-300x300.png 300w, https:\/\/grandtour.biz\/wp-content\/uploads\/2025\/11\/new-moon-150x150.png 150w, https:\/\/grandtour.biz\/wp-content\/uploads\/2025\/11\/new-moon-100x100.png 100w\" sizes=\"auto, (max-width: 512px) 100vw, 512px\" title=\"\">\t\t\t\t\t\t\n\t\t\t\t\t<\/div>\n\t\t\t\t\t\t\t\t\n<style>\n#image_967437065 {\n  width: 4%;\n}\n<\/style>\n\t<\/div>\n\t\n\t\t<\/div>\n\t\t\t\t\t<\/div>\n\n\t\n<\/div>\n\t\t<\/div>\n\n\t\t\n<style>\n#section_2001851713 {\n  padding-top: 30px;\n  padding-bottom: 30px;\n}\n<\/style>\n\t<\/section>\n\t\n\n\t<section class=\"section\" id=\"section_1979211492\">\n\t\t<div class=\"section-bg fill\" >\n\t\t\t\t\t\t\t\t\t\n\t\t\t\n\n\t\t<\/div>\n\n\t\t\n\n\t\t<div class=\"section-content relative\">\n\t\t\t\n<div class=\"row\"  id=\"row-1310278466\">\n\n\t<div id=\"col-243705773\" class=\"col small-12 large-12\"  >\n\t\t\t\t<div class=\"col-inner\"  >\n\t\t\t\n\t\t\t\n\t<div id=\"text-2721804031\" class=\"text\">\n\t\t\n<h2>Kh\u00e1m ph\u00e1 Cao B\u1eb1ng qua<\/h2>\n\t\t\n<style>\n#text-2721804031 {\n  font-size: 1.1rem;\n  text-align: center;\n  color: #774538;\n}\n#text-2721804031 > * {\n  color: #774538;\n}\n@media (min-width:550px) {\n  #text-2721804031 {\n    font-size: 1.5rem;\n  }\n}\n<\/style>\n\t<\/div>\n\t\n\t\n  \n    <div class=\"row large-columns-4 medium-columns-3 small-columns-1 row-small slider row-slider slider-nav-reveal slider-nav-push\"  data-flickity-options='{&quot;imagesLoaded&quot;: true, &quot;groupCells&quot;: &quot;100%&quot;, &quot;dragThreshold&quot; : 5, &quot;cellAlign&quot;: &quot;left&quot;,&quot;wrapAround&quot;: true,&quot;prevNextButtons&quot;: true,&quot;percentPosition&quot;: true,&quot;pageDots&quot;: false, &quot;rightToLeft&quot;: false, &quot;autoPlay&quot; : false}' >\n\n  <\/div>\n\t\t<\/div>\n\t\t\t\t\t<\/div>\n\n\t\n<\/div>\n\t\t<\/div>\n\n\t\t\n<style>\n#section_1979211492 {\n  padding-top: 0px;\n  padding-bottom: 0px;\n}\n<\/style>\n\t<\/section>\n\t\n","protected":false},"excerpt":{"rendered":"","protected":false},"author":1,"featured_media":0,"parent":798,"menu_order":0,"comment_status":"closed","ping_status":"closed","template":"page-blank.php","meta":{"footnotes":""},"class_list":["post-844","page","type-page","status-publish","hentry"],"_links":{"self":[{"href":"https:\/\/grandtour.biz\/vi\/wp-json\/wp\/v2\/pages\/844","targetHints":{"allow":["GET"]}}],"collection":[{"href":"https:\/\/grandtour.biz\/vi\/wp-json\/wp\/v2\/pages"}],"about":[{"href":"https:\/\/grandtour.biz\/vi\/wp-json\/wp\/v2\/types\/page"}],"author":[{"embeddable":true,"href":"https:\/\/grandtour.biz\/vi\/wp-json\/wp\/v2\/users\/1"}],"replies":[{"embeddable":true,"href":"https:\/\/grandtour.biz\/vi\/wp-json\/wp\/v2\/comments?post=844"}],"version-history":[{"count":0,"href":"https:\/\/grandtour.biz\/vi\/wp-json\/wp\/v2\/pages\/844\/revisions"}],"up":[{"embeddable":true,"href":"https:\/\/grandtour.biz\/vi\/wp-json\/wp\/v2\/pages\/798"}],"wp:attachment":[{"href":"https:\/\/grandtour.biz\/vi\/wp-json\/wp\/v2\/media?parent=844"}],"curies":[{"name":"wp","href":"https:\/\/api.w.org\/{rel}","templated":true}]}}