{"id":902,"date":"2025-11-04T03:24:49","date_gmt":"2025-11-04T03:24:49","guid":{"rendered":"https:\/\/grandtour.biz\/diem-den\/viet-nam\/nha-trang\/"},"modified":"2025-11-21T03:02:04","modified_gmt":"2025-11-21T03:02:04","slug":"nha-trang","status":"publish","type":"page","link":"https:\/\/grandtour.biz\/vi\/diem-den\/viet-nam\/nha-trang\/","title":{"rendered":"Nha Trang"},"content":{"rendered":"\n\t<section class=\"section\" id=\"section_62863057\">\n\t\t<div class=\"section-bg fill\" >\n\t\t\t\t\t\t\t\t\t\n\t\t\t\n\n\t\t<\/div>\n\n\t\t\n\n\t\t<div class=\"section-content relative\">\n\t\t\t\n<div class=\"row align-equal\"  id=\"row-1912997987\">\n\n\t<div id=\"col-39872306\" class=\"col small-12 large-12\"  >\n\t\t\t\t<div class=\"col-inner\"  >\n\t\t\t\n\t\t\t\n\t<div id=\"text-54109315\" class=\"text\">\n\t\t\n<h1>NHA TRANG<\/h1>\n\t\t\n<style>\n#text-54109315 {\n  font-size: 1rem;\n  text-align: center;\n  color: #774538;\n}\n#text-54109315 > * {\n  color: #774538;\n}\n@media (min-width:550px) {\n  #text-54109315 {\n    font-size: 1.5rem;\n  }\n}\n<\/style>\n\t<\/div>\n\t\n\t\t<\/div>\n\t\t\t\t\t<\/div>\n\n\t\n\n\t<div id=\"col-2028482220\" class=\"col medium-4 small-12 large-4\"  >\n\t\t\t\t<div class=\"col-inner\"  >\n\t\t\t\n\t\t\t\n\t<div class=\"img has-hover x md-x lg-x y md-y lg-y\" id=\"image_319036984\">\n\t\t\t\t\t\t\t\t<div class=\"img-inner image-cover dark\" style=\"padding-top:450px;\">\n\t\t\t<img loading=\"lazy\" decoding=\"async\" width=\"1440\" height=\"2560\" src=\"https:\/\/grandtour.biz\/wp-content\/uploads\/2025\/11\/BIEN-scaled.jpg\" class=\"attachment-original size-original\" alt=\"BI\u1ec2N\" srcset=\"https:\/\/grandtour.biz\/wp-content\/uploads\/2025\/11\/BIEN-scaled.jpg 1440w, https:\/\/grandtour.biz\/wp-content\/uploads\/2025\/11\/BIEN-169x300.jpg 169w, https:\/\/grandtour.biz\/wp-content\/uploads\/2025\/11\/BIEN-576x1024.jpg 576w, https:\/\/grandtour.biz\/wp-content\/uploads\/2025\/11\/BIEN-768x1365.jpg 768w, https:\/\/grandtour.biz\/wp-content\/uploads\/2025\/11\/BIEN-864x1536.jpg 864w, https:\/\/grandtour.biz\/wp-content\/uploads\/2025\/11\/BIEN-1152x2048.jpg 1152w, https:\/\/grandtour.biz\/wp-content\/uploads\/2025\/11\/BIEN-300x533.jpg 300w, https:\/\/grandtour.biz\/wp-content\/uploads\/2025\/11\/BIEN-600x1067.jpg 600w\" sizes=\"auto, (max-width: 1440px) 100vw, 1440px\" title=\"\">\t\t\t\t\t\t\n\t\t\t\t\t<\/div>\n\t\t\t\t\t\t\t\t\n<style>\n#image_319036984 {\n  width: 100%;\n}\n<\/style>\n\t<\/div>\n\t\n\t\t<\/div>\n\t\t\t\t\t<\/div>\n\n\t\n\n\t<div id=\"col-1220514042\" class=\"col medium-4 small-12 large-4\"  >\n\t\t\t\t<div class=\"col-inner\"  >\n\t\t\t\n\t\t\t\n\t<div class=\"img has-hover x md-x lg-x y md-y lg-y\" id=\"image_1503866170\">\n\t\t\t\t\t\t\t\t<div class=\"img-inner image-cover dark\" style=\"padding-top:450px;\">\n\t\t\t<img loading=\"lazy\" decoding=\"async\" width=\"1708\" height=\"2560\" src=\"https:\/\/grandtour.biz\/wp-content\/uploads\/2025\/11\/NHA-TRANG-BIEN-1-scaled.jpg\" class=\"attachment-original size-original\" alt=\"NHA TRANG BI\u1ebaN\" srcset=\"https:\/\/grandtour.biz\/wp-content\/uploads\/2025\/11\/NHA-TRANG-BIEN-1-scaled.jpg 1708w, https:\/\/grandtour.biz\/wp-content\/uploads\/2025\/11\/NHA-TRANG-BIEN-1-200x300.jpg 200w, https:\/\/grandtour.biz\/wp-content\/uploads\/2025\/11\/NHA-TRANG-BIEN-1-683x1024.jpg 683w, https:\/\/grandtour.biz\/wp-content\/uploads\/2025\/11\/NHA-TRANG-BIEN-1-768x1151.jpg 768w, https:\/\/grandtour.biz\/wp-content\/uploads\/2025\/11\/NHA-TRANG-BIEN-1-1025x1536.jpg 1025w, https:\/\/grandtour.biz\/wp-content\/uploads\/2025\/11\/NHA-TRANG-BIEN-1-1366x2048.jpg 1366w, https:\/\/grandtour.biz\/wp-content\/uploads\/2025\/11\/NHA-TRANG-BIEN-1-300x450.jpg 300w, https:\/\/grandtour.biz\/wp-content\/uploads\/2025\/11\/NHA-TRANG-BIEN-1-600x899.jpg 600w\" sizes=\"auto, (max-width: 1708px) 100vw, 1708px\" title=\"\">\t\t\t\t\t\t\n\t\t\t\t\t<\/div>\n\t\t\t\t\t\t\t\t\n<style>\n#image_1503866170 {\n  width: 100%;\n}\n<\/style>\n\t<\/div>\n\t\n\t\t<\/div>\n\t\t\t\t\t<\/div>\n\n\t\n\n\t<div id=\"col-635966121\" class=\"col medium-4 small-12 large-4\"  >\n\t\t\t\t<div class=\"col-inner\"  >\n\t\t\t\n\t\t\t\n\t<div class=\"img has-hover x md-x lg-x y md-y lg-y\" id=\"image_169465350\">\n\t\t\t\t\t\t\t\t<div class=\"img-inner image-cover dark\" style=\"padding-top:450px;\">\n\t\t\t<img loading=\"lazy\" decoding=\"async\" width=\"2560\" height=\"1705\" src=\"https:\/\/grandtour.biz\/wp-content\/uploads\/2025\/11\/mui-ne-cat_imgupscaler.ai_General_16K-scaled.jpg\" class=\"attachment-original size-original\" alt=\"M\u0169i N\u00e9 C\u00e1t Imgupscaler.ai General 16K\" srcset=\"https:\/\/grandtour.biz\/wp-content\/uploads\/2025\/11\/mui-ne-cat_imgupscaler.ai_General_16K-scaled.jpg 2560w, https:\/\/grandtour.biz\/wp-content\/uploads\/2025\/11\/mui-ne-cat_imgupscaler.ai_General_16K-300x200.jpg 300w, https:\/\/grandtour.biz\/wp-content\/uploads\/2025\/11\/mui-ne-cat_imgupscaler.ai_General_16K-1024x682.jpg 1024w, https:\/\/grandtour.biz\/wp-content\/uploads\/2025\/11\/mui-ne-cat_imgupscaler.ai_General_16K-768x512.jpg 768w, https:\/\/grandtour.biz\/wp-content\/uploads\/2025\/11\/mui-ne-cat_imgupscaler.ai_General_16K-1536x1023.jpg 1536w, https:\/\/grandtour.biz\/wp-content\/uploads\/2025\/11\/mui-ne-cat_imgupscaler.ai_General_16K-2048x1364.jpg 2048w, https:\/\/grandtour.biz\/wp-content\/uploads\/2025\/11\/mui-ne-cat_imgupscaler.ai_General_16K-600x400.jpg 600w\" sizes=\"auto, (max-width: 2560px) 100vw, 2560px\" title=\"\">\t\t\t\t\t\t\n\t\t\t\t\t<\/div>\n\t\t\t\t\t\t\t\t\n<style>\n#image_169465350 {\n  width: 100%;\n}\n<\/style>\n\t<\/div>\n\t\n\t\t<\/div>\n\t\t\t\t\t<\/div>\n\n\t\n<\/div>\n\t\t<\/div>\n\n\t\t\n<style>\n#section_62863057 {\n  padding-top: 30px;\n  padding-bottom: 30px;\n}\n<\/style>\n\t<\/section>\n\t\n\n\t<section class=\"section\" id=\"section_1094134068\">\n\t\t<div class=\"section-bg fill\" >\n\t\t\t\t\t\t\t\t\t\n\t\t\t\n\n\t\t<\/div>\n\n\t\t\n\n\t\t<div class=\"section-content relative\">\n\t\t\t\n<div class=\"row align-center\"  id=\"row-2082991312\">\n\n\t<div id=\"col-875864777\" class=\"col medium-9 small-12 large-9\"  >\n\t\t\t\t<div class=\"col-inner text-center\"  >\n\t\t\t\n\t\t\t\n\t<div class=\"img has-hover x md-x lg-x y md-y lg-y\" id=\"image_2905943\">\n\t\t\t\t\t\t\t\t<div class=\"img-inner dark\" style=\"margin:0px 0px 20px 0px;\">\n\t\t\t<img loading=\"lazy\" decoding=\"async\" width=\"512\" height=\"512\" src=\"https:\/\/grandtour.biz\/wp-content\/uploads\/2025\/11\/new-moon.png\" class=\"attachment-original size-original\" alt=\"Tr\u0103ng Non\" srcset=\"https:\/\/grandtour.biz\/wp-content\/uploads\/2025\/11\/new-moon.png 512w, https:\/\/grandtour.biz\/wp-content\/uploads\/2025\/11\/new-moon-300x300.png 300w, https:\/\/grandtour.biz\/wp-content\/uploads\/2025\/11\/new-moon-150x150.png 150w, https:\/\/grandtour.biz\/wp-content\/uploads\/2025\/11\/new-moon-100x100.png 100w\" sizes=\"auto, (max-width: 512px) 100vw, 512px\" title=\"\">\t\t\t\t\t\t\n\t\t\t\t\t<\/div>\n\t\t\t\t\t\t\t\t\n<style>\n#image_2905943 {\n  width: 4%;\n}\n<\/style>\n\t<\/div>\n\t\n\t<div id=\"text-2657029520\" class=\"text\">\n\t\t\n<p>Nha Trang, Vietnam\u2019s coastal gem, dazzles with golden beaches, clear turquoise waters, and vibrant nightlife. Luxury resorts and seaside retreats offer world-class relaxation, while fresh seafood and local markets bring authentic flavors. Perfect for sun, sea, and adventure, Nha Trang is a tropical paradise for both relaxation and excitement.<\/p>\n\t\t\n<style>\n#text-2657029520 {\n  text-align: center;\n  color: #774538;\n}\n#text-2657029520 > * {\n  color: #774538;\n}\n<\/style>\n\t<\/div>\n\t\n\t<div class=\"img has-hover x md-x lg-x y md-y lg-y\" id=\"image_379459685\">\n\t\t\t\t\t\t\t\t<div class=\"img-inner dark\" >\n\t\t\t<img loading=\"lazy\" decoding=\"async\" width=\"512\" height=\"512\" src=\"https:\/\/grandtour.biz\/wp-content\/uploads\/2025\/11\/new-moon.png\" class=\"attachment-original size-original\" alt=\"Tr\u0103ng Non\" srcset=\"https:\/\/grandtour.biz\/wp-content\/uploads\/2025\/11\/new-moon.png 512w, https:\/\/grandtour.biz\/wp-content\/uploads\/2025\/11\/new-moon-300x300.png 300w, https:\/\/grandtour.biz\/wp-content\/uploads\/2025\/11\/new-moon-150x150.png 150w, https:\/\/grandtour.biz\/wp-content\/uploads\/2025\/11\/new-moon-100x100.png 100w\" sizes=\"auto, (max-width: 512px) 100vw, 512px\" title=\"\">\t\t\t\t\t\t\n\t\t\t\t\t<\/div>\n\t\t\t\t\t\t\t\t\n<style>\n#image_379459685 {\n  width: 4%;\n}\n<\/style>\n\t<\/div>\n\t\n\t\t<\/div>\n\t\t\t\t\t<\/div>\n\n\t\n<\/div>\n\t\t<\/div>\n\n\t\t\n<style>\n#section_1094134068 {\n  padding-top: 30px;\n  padding-bottom: 30px;\n}\n<\/style>\n\t<\/section>\n\t\n\n\t<section class=\"section\" id=\"section_1130208918\">\n\t\t<div class=\"section-bg fill\" >\n\t\t\t\t\t\t\t\t\t\n\t\t\t\n\n\t\t<\/div>\n\n\t\t\n\n\t\t<div class=\"section-content relative\">\n\t\t\t\n<div class=\"row\"  id=\"row-2028628638\">\n\n\t<div id=\"col-1507199624\" class=\"col small-12 large-12\"  >\n\t\t\t\t<div class=\"col-inner\"  >\n\t\t\t\n\t\t\t\n\t<div id=\"text-3654337212\" class=\"text\">\n\t\t\n<h2>Discover Nha Trang via our<\/h2>\n\t\t\n<style>\n#text-3654337212 {\n  font-size: 1.1rem;\n  text-align: center;\n  color: #774538;\n}\n#text-3654337212 > * {\n  color: #774538;\n}\n@media (min-width:550px) {\n  #text-3654337212 {\n    font-size: 1.5rem;\n  }\n}\n<\/style>\n\t<\/div>\n\t\n\t\n  \n    <div class=\"row large-columns-4 medium-columns-3 small-columns-1 row-small slider row-slider slider-nav-reveal slider-nav-push\"  data-flickity-options='{&quot;imagesLoaded&quot;: true, &quot;groupCells&quot;: &quot;100%&quot;, &quot;dragThreshold&quot; : 5, &quot;cellAlign&quot;: &quot;left&quot;,&quot;wrapAround&quot;: true,&quot;prevNextButtons&quot;: true,&quot;percentPosition&quot;: true,&quot;pageDots&quot;: false, &quot;rightToLeft&quot;: false, &quot;autoPlay&quot; : false}' >\n\n  <\/div>\n\t\t<\/div>\n\t\t\t\t\t<\/div>\n\n\t\n<\/div>\n\t\t<\/div>\n\n\t\t\n<style>\n#section_1130208918 {\n  padding-top: 0px;\n  padding-bottom: 0px;\n}\n<\/style>\n\t<\/section>\n\t\n","protected":false},"excerpt":{"rendered":"","protected":false},"author":1,"featured_media":0,"parent":798,"menu_order":0,"comment_status":"closed","ping_status":"closed","template":"page-blank.php","meta":{"footnotes":""},"class_list":["post-902","page","type-page","status-publish","hentry"],"_links":{"self":[{"href":"https:\/\/grandtour.biz\/vi\/wp-json\/wp\/v2\/pages\/902","targetHints":{"allow":["GET"]}}],"collection":[{"href":"https:\/\/grandtour.biz\/vi\/wp-json\/wp\/v2\/pages"}],"about":[{"href":"https:\/\/grandtour.biz\/vi\/wp-json\/wp\/v2\/types\/page"}],"author":[{"embeddable":true,"href":"https:\/\/grandtour.biz\/vi\/wp-json\/wp\/v2\/users\/1"}],"replies":[{"embeddable":true,"href":"https:\/\/grandtour.biz\/vi\/wp-json\/wp\/v2\/comments?post=902"}],"version-history":[{"count":0,"href":"https:\/\/grandtour.biz\/vi\/wp-json\/wp\/v2\/pages\/902\/revisions"}],"up":[{"embeddable":true,"href":"https:\/\/grandtour.biz\/vi\/wp-json\/wp\/v2\/pages\/798"}],"wp:attachment":[{"href":"https:\/\/grandtour.biz\/vi\/wp-json\/wp\/v2\/media?parent=902"}],"curies":[{"name":"wp","href":"https:\/\/api.w.org\/{rel}","templated":true}]}}