{"id":917,"date":"2025-11-12T09:58:33","date_gmt":"2025-11-12T09:58:33","guid":{"rendered":"https:\/\/grandtour.biz\/diem-den\/viet-nam\/ninh-binh\/"},"modified":"2025-11-21T03:03:55","modified_gmt":"2025-11-21T03:03:55","slug":"ninh-binh","status":"publish","type":"page","link":"https:\/\/grandtour.biz\/vi\/diem-den\/viet-nam\/ninh-binh\/","title":{"rendered":"Ninh B\u00ecnh"},"content":{"rendered":"\n\t<section class=\"section\" id=\"section_1251715530\">\n\t\t<div class=\"section-bg fill\" >\n\t\t\t\t\t\t\t\t\t\n\t\t\t\n\n\t\t<\/div>\n\n\t\t\n\n\t\t<div class=\"section-content relative\">\n\t\t\t\n<div class=\"row align-equal\"  id=\"row-1400152999\">\n\n\t<div id=\"col-1348849915\" class=\"col small-12 large-12\"  >\n\t\t\t\t<div class=\"col-inner\"  >\n\t\t\t\n\t\t\t\n\t<div id=\"text-4124443069\" class=\"text\">\n\t\t\n<h1>NINH B\u00ccNH<\/h1>\n\t\t\n<style>\n#text-4124443069 {\n  font-size: 1rem;\n  text-align: center;\n  color: #774538;\n}\n#text-4124443069 > * {\n  color: #774538;\n}\n@media (min-width:550px) {\n  #text-4124443069 {\n    font-size: 1.5rem;\n  }\n}\n<\/style>\n\t<\/div>\n\t\n\t\t<\/div>\n\t\t\t\t\t<\/div>\n\n\t\n\n\t<div id=\"col-1862402379\" class=\"col medium-4 small-12 large-4\"  >\n\t\t\t\t<div class=\"col-inner\"  >\n\t\t\t\n\t\t\t\n\t<div class=\"img has-hover x md-x lg-x y md-y lg-y\" id=\"image_1831587098\">\n\t\t\t\t\t\t\t\t<div class=\"img-inner image-cover dark\" style=\"padding-top:450px;\">\n\t\t\t<img loading=\"lazy\" decoding=\"async\" width=\"1751\" height=\"2560\" src=\"https:\/\/grandtour.biz\/wp-content\/uploads\/2025\/11\/NINH-BINH-scaled.jpg\" class=\"attachment-original size-original\" alt=\"NINH B\u00ccNH\" srcset=\"https:\/\/grandtour.biz\/wp-content\/uploads\/2025\/11\/NINH-BINH-scaled.jpg 1751w, https:\/\/grandtour.biz\/wp-content\/uploads\/2025\/11\/NINH-BINH-205x300.jpg 205w, https:\/\/grandtour.biz\/wp-content\/uploads\/2025\/11\/NINH-BINH-701x1024.jpg 701w, https:\/\/grandtour.biz\/wp-content\/uploads\/2025\/11\/NINH-BINH-768x1123.jpg 768w, https:\/\/grandtour.biz\/wp-content\/uploads\/2025\/11\/NINH-BINH-1051x1536.jpg 1051w, https:\/\/grandtour.biz\/wp-content\/uploads\/2025\/11\/NINH-BINH-1401x2048.jpg 1401w, https:\/\/grandtour.biz\/wp-content\/uploads\/2025\/11\/NINH-BINH-300x439.jpg 300w, https:\/\/grandtour.biz\/wp-content\/uploads\/2025\/11\/NINH-BINH-600x877.jpg 600w\" sizes=\"auto, (max-width: 1751px) 100vw, 1751px\" title=\"\">\t\t\t\t\t\t\n\t\t\t\t\t<\/div>\n\t\t\t\t\t\t\t\t\n<style>\n#image_1831587098 {\n  width: 100%;\n}\n<\/style>\n\t<\/div>\n\t\n\t\t<\/div>\n\t\t\t\t\t<\/div>\n\n\t\n\n\t<div id=\"col-610839096\" class=\"col medium-4 small-12 large-4\"  >\n\t\t\t\t<div class=\"col-inner\"  >\n\t\t\t\n\t\t\t\n\t<div class=\"img has-hover x md-x lg-x y md-y lg-y\" id=\"image_1138357576\">\n\t\t\t\t\t\t\t\t<div class=\"img-inner image-cover dark\" style=\"padding-top:450px;\">\n\t\t\t<img loading=\"lazy\" decoding=\"async\" width=\"2560\" height=\"1441\" src=\"https:\/\/grandtour.biz\/wp-content\/uploads\/2025\/11\/trang-an-2-1-scaled.jpg\" class=\"attachment-original size-original\" alt=\"Tr\u00e0ng An 2\" srcset=\"https:\/\/grandtour.biz\/wp-content\/uploads\/2025\/11\/trang-an-2-1-scaled.jpg 2560w, https:\/\/grandtour.biz\/wp-content\/uploads\/2025\/11\/trang-an-2-1-300x169.jpg 300w, https:\/\/grandtour.biz\/wp-content\/uploads\/2025\/11\/trang-an-2-1-1024x577.jpg 1024w, https:\/\/grandtour.biz\/wp-content\/uploads\/2025\/11\/trang-an-2-1-768x432.jpg 768w, https:\/\/grandtour.biz\/wp-content\/uploads\/2025\/11\/trang-an-2-1-1536x865.jpg 1536w, https:\/\/grandtour.biz\/wp-content\/uploads\/2025\/11\/trang-an-2-1-2048x1153.jpg 2048w, https:\/\/grandtour.biz\/wp-content\/uploads\/2025\/11\/trang-an-2-1-600x338.jpg 600w\" sizes=\"auto, (max-width: 2560px) 100vw, 2560px\" title=\"\">\t\t\t\t\t\t\n\t\t\t\t\t<\/div>\n\t\t\t\t\t\t\t\t\n<style>\n#image_1138357576 {\n  width: 100%;\n}\n<\/style>\n\t<\/div>\n\t\n\t\t<\/div>\n\t\t\t\t\t<\/div>\n\n\t\n\n\t<div id=\"col-858644546\" class=\"col medium-4 small-12 large-4\"  >\n\t\t\t\t<div class=\"col-inner\"  >\n\t\t\t\n\t\t\t\n\t<div class=\"img has-hover x md-x lg-x y md-y lg-y\" id=\"image_1961233036\">\n\t\t\t\t\t\t\t\t<div class=\"img-inner image-cover dark\" style=\"padding-top:450px;\">\n\t\t\t<img loading=\"lazy\" decoding=\"async\" width=\"1584\" height=\"2560\" src=\"https:\/\/grandtour.biz\/wp-content\/uploads\/2025\/11\/HANG-MUA-scaled.jpg\" class=\"attachment-original size-original\" alt=\"HANG M\u00daA\" srcset=\"https:\/\/grandtour.biz\/wp-content\/uploads\/2025\/11\/HANG-MUA-scaled.jpg 1584w, https:\/\/grandtour.biz\/wp-content\/uploads\/2025\/11\/HANG-MUA-186x300.jpg 186w, https:\/\/grandtour.biz\/wp-content\/uploads\/2025\/11\/HANG-MUA-633x1024.jpg 633w, https:\/\/grandtour.biz\/wp-content\/uploads\/2025\/11\/HANG-MUA-768x1242.jpg 768w, https:\/\/grandtour.biz\/wp-content\/uploads\/2025\/11\/HANG-MUA-950x1536.jpg 950w, https:\/\/grandtour.biz\/wp-content\/uploads\/2025\/11\/HANG-MUA-1267x2048.jpg 1267w, https:\/\/grandtour.biz\/wp-content\/uploads\/2025\/11\/HANG-MUA-300x485.jpg 300w, https:\/\/grandtour.biz\/wp-content\/uploads\/2025\/11\/HANG-MUA-600x970.jpg 600w\" sizes=\"auto, (max-width: 1584px) 100vw, 1584px\" title=\"\">\t\t\t\t\t\t\n\t\t\t\t\t<\/div>\n\t\t\t\t\t\t\t\t\n<style>\n#image_1961233036 {\n  width: 100%;\n}\n<\/style>\n\t<\/div>\n\t\n\t\t<\/div>\n\t\t\t\t\t<\/div>\n\n\t\n<\/div>\n\t\t<\/div>\n\n\t\t\n<style>\n#section_1251715530 {\n  padding-top: 30px;\n  padding-bottom: 30px;\n}\n<\/style>\n\t<\/section>\n\t\n\n\t<section class=\"section\" id=\"section_1278930326\">\n\t\t<div class=\"section-bg fill\" >\n\t\t\t\t\t\t\t\t\t\n\t\t\t\n\n\t\t<\/div>\n\n\t\t\n\n\t\t<div class=\"section-content relative\">\n\t\t\t\n<div class=\"row align-center\"  id=\"row-462065795\">\n\n\t<div id=\"col-2043942267\" class=\"col medium-9 small-12 large-9\"  >\n\t\t\t\t<div class=\"col-inner text-center\"  >\n\t\t\t\n\t\t\t\n\t<div class=\"img has-hover x md-x lg-x y md-y lg-y\" id=\"image_815072060\">\n\t\t\t\t\t\t\t\t<div class=\"img-inner dark\" style=\"margin:0px 0px 20px 0px;\">\n\t\t\t<img loading=\"lazy\" decoding=\"async\" width=\"512\" height=\"512\" src=\"https:\/\/grandtour.biz\/wp-content\/uploads\/2025\/11\/new-moon.png\" class=\"attachment-original size-original\" alt=\"Tr\u0103ng Non\" srcset=\"https:\/\/grandtour.biz\/wp-content\/uploads\/2025\/11\/new-moon.png 512w, https:\/\/grandtour.biz\/wp-content\/uploads\/2025\/11\/new-moon-300x300.png 300w, https:\/\/grandtour.biz\/wp-content\/uploads\/2025\/11\/new-moon-150x150.png 150w, https:\/\/grandtour.biz\/wp-content\/uploads\/2025\/11\/new-moon-100x100.png 100w\" sizes=\"auto, (max-width: 512px) 100vw, 512px\" title=\"\">\t\t\t\t\t\t\n\t\t\t\t\t<\/div>\n\t\t\t\t\t\t\t\t\n<style>\n#image_815072060 {\n  width: 4%;\n}\n<\/style>\n\t<\/div>\n\t\n\t<div id=\"text-517308998\" class=\"text\">\n\t\t\n<p>Ninh Binh, in northern Vietnam, is a land of breathtaking landscapes and rich cultural heritage with towering limestone karsts rising above winding rivers, dotted with ancient temples and villages. Visitors can explore scenic waterways at Trang An, visit the historic capital of Hoa Lu, and climb Mua Cave for panoramic views over lush rice fields. With its combination of natural beauty, history, and vibrant local life, Ninh Binh offers a serene yet adventurous experience. From peaceful boat rides to hiking trails and cultural discoveries, it\u2019s a destination that captivates travelers seeking authentic Vietnam.   <\/p>\n\t\t\n<style>\n#text-517308998 {\n  text-align: center;\n  color: #774538;\n}\n#text-517308998 > * {\n  color: #774538;\n}\n<\/style>\n\t<\/div>\n\t\n\t<div class=\"img has-hover x md-x lg-x y md-y lg-y\" id=\"image_1422923199\">\n\t\t\t\t\t\t\t\t<div class=\"img-inner dark\" >\n\t\t\t<img loading=\"lazy\" decoding=\"async\" width=\"512\" height=\"512\" src=\"https:\/\/grandtour.biz\/wp-content\/uploads\/2025\/11\/new-moon.png\" class=\"attachment-original size-original\" alt=\"Tr\u0103ng Non\" srcset=\"https:\/\/grandtour.biz\/wp-content\/uploads\/2025\/11\/new-moon.png 512w, https:\/\/grandtour.biz\/wp-content\/uploads\/2025\/11\/new-moon-300x300.png 300w, https:\/\/grandtour.biz\/wp-content\/uploads\/2025\/11\/new-moon-150x150.png 150w, https:\/\/grandtour.biz\/wp-content\/uploads\/2025\/11\/new-moon-100x100.png 100w\" sizes=\"auto, (max-width: 512px) 100vw, 512px\" title=\"\">\t\t\t\t\t\t\n\t\t\t\t\t<\/div>\n\t\t\t\t\t\t\t\t\n<style>\n#image_1422923199 {\n  width: 4%;\n}\n<\/style>\n\t<\/div>\n\t\n\t\t<\/div>\n\t\t\t\t\t<\/div>\n\n\t\n<\/div>\n\t\t<\/div>\n\n\t\t\n<style>\n#section_1278930326 {\n  padding-top: 30px;\n  padding-bottom: 30px;\n}\n<\/style>\n\t<\/section>\n\t\n\n\t<section class=\"section\" id=\"section_234893429\">\n\t\t<div class=\"section-bg fill\" >\n\t\t\t\t\t\t\t\t\t\n\t\t\t\n\n\t\t<\/div>\n\n\t\t\n\n\t\t<div class=\"section-content relative\">\n\t\t\t\n<div class=\"row\"  id=\"row-124027124\">\n\n\t<div id=\"col-1365093134\" class=\"col custom-ninh-binh-tour small-12 large-12\"  >\n\t\t\t\t<div class=\"col-inner\"  >\n\t\t\t\n\t\t\t\n\t<div id=\"text-3324075518\" class=\"text\">\n\t\t\n<h2>Kh\u00e1m ph\u00e1 Ninh B\u00ecnh qua<\/h2>\n\t\t\n<style>\n#text-3324075518 {\n  font-size: 1.1rem;\n  text-align: center;\n  color: #774538;\n}\n#text-3324075518 > * {\n  color: #774538;\n}\n@media (min-width:550px) {\n  #text-3324075518 {\n    font-size: 1.5rem;\n  }\n}\n<\/style>\n\t<\/div>\n\t\n\t\n  \n    <div class=\"row large-columns-4 medium-columns-3 small-columns-1 row-small slider row-slider slider-nav-reveal slider-nav-push\"  data-flickity-options='{&quot;imagesLoaded&quot;: true, &quot;groupCells&quot;: &quot;100%&quot;, &quot;dragThreshold&quot; : 5, &quot;cellAlign&quot;: &quot;left&quot;,&quot;wrapAround&quot;: true,&quot;prevNextButtons&quot;: true,&quot;percentPosition&quot;: true,&quot;pageDots&quot;: false, &quot;rightToLeft&quot;: false, &quot;autoPlay&quot; : false}' >\n\n  <\/div>\n\t\t<\/div>\n\t\t\t\t\t<\/div>\n\n\t\n<\/div>\n\t\t<\/div>\n\n\t\t\n<style>\n#section_234893429 {\n  padding-top: 0px;\n  padding-bottom: 0px;\n}\n<\/style>\n\t<\/section>\n\t\n","protected":false},"excerpt":{"rendered":"","protected":false},"author":1,"featured_media":0,"parent":798,"menu_order":0,"comment_status":"closed","ping_status":"closed","template":"page-blank.php","meta":{"footnotes":""},"class_list":["post-917","page","type-page","status-publish","hentry"],"_links":{"self":[{"href":"https:\/\/grandtour.biz\/vi\/wp-json\/wp\/v2\/pages\/917","targetHints":{"allow":["GET"]}}],"collection":[{"href":"https:\/\/grandtour.biz\/vi\/wp-json\/wp\/v2\/pages"}],"about":[{"href":"https:\/\/grandtour.biz\/vi\/wp-json\/wp\/v2\/types\/page"}],"author":[{"embeddable":true,"href":"https:\/\/grandtour.biz\/vi\/wp-json\/wp\/v2\/users\/1"}],"replies":[{"embeddable":true,"href":"https:\/\/grandtour.biz\/vi\/wp-json\/wp\/v2\/comments?post=917"}],"version-history":[{"count":0,"href":"https:\/\/grandtour.biz\/vi\/wp-json\/wp\/v2\/pages\/917\/revisions"}],"up":[{"embeddable":true,"href":"https:\/\/grandtour.biz\/vi\/wp-json\/wp\/v2\/pages\/798"}],"wp:attachment":[{"href":"https:\/\/grandtour.biz\/vi\/wp-json\/wp\/v2\/media?parent=917"}],"curies":[{"name":"wp","href":"https:\/\/api.w.org\/{rel}","templated":true}]}}